{"id":24,"date":"2021-02-11T10:33:33","date_gmt":"2021-02-11T10:33:33","guid":{"rendered":"https:\/\/cristianopin.com\/wp\/?page_id=24"},"modified":"2021-02-16T10:30:10","modified_gmt":"2021-02-16T10:30:10","slug":"portfolio","status":"publish","type":"page","link":"https:\/\/cristianopin.com\/wp\/portfolio\/","title":{"rendered":"An\u00fancios"},"content":{"rendered":"\n<h6 class=\"has-text-align-center wp-block-heading\">An\u00fancio p\u00e1gina dupla &#8211; Agencia Espa\u00e7o\/Z<\/h6>\n\n\n\n<h6 class=\"has-text-align-center wp-block-heading\"><img loading=\"lazy\" decoding=\"async\" width=\"800\" height=\"1096\" class=\"wp-image-62\" style=\"width: 800px;\" src=\"https:\/\/cristianopin.com\/wp\/wp-content\/uploads\/2021\/02\/Photorealistic-Magazine-MockUp_legumes-scaled.jpg\" alt=\"\" srcset=\"https:\/\/cristianopin.com\/wp\/wp-content\/uploads\/2021\/02\/Photorealistic-Magazine-MockUp_legumes-scaled.jpg 1869w, https:\/\/cristianopin.com\/wp\/wp-content\/uploads\/2021\/02\/Photorealistic-Magazine-MockUp_legumes-219x300.jpg 219w, https:\/\/cristianopin.com\/wp\/wp-content\/uploads\/2021\/02\/Photorealistic-Magazine-MockUp_legumes-748x1024.jpg 748w, https:\/\/cristianopin.com\/wp\/wp-content\/uploads\/2021\/02\/Photorealistic-Magazine-MockUp_legumes-768x1052.jpg 768w, https:\/\/cristianopin.com\/wp\/wp-content\/uploads\/2021\/02\/Photorealistic-Magazine-MockUp_legumes-1122x1536.jpg 1122w, https:\/\/cristianopin.com\/wp\/wp-content\/uploads\/2021\/02\/Photorealistic-Magazine-MockUp_legumes-1495x2048.jpg 1495w\" sizes=\"auto, (max-width: 800px) 100vw, 800px\" \/><\/h6>\n\n\n\n<h6 class=\"has-text-align-center wp-block-heading\">An\u00fancio p\u00e1gina dupla &#8211; Alterdata Software<\/h6>\n\n\n\n<h6 class=\"has-text-align-center wp-block-heading\"><em><img loading=\"lazy\" decoding=\"async\" width=\"800\" height=\"1057\" class=\"wp-image-55\" style=\"width: 800px;\" src=\"https:\/\/cristianopin.com\/wp\/wp-content\/uploads\/2021\/02\/Magazine-Mockup_alterdata2.jpg\" alt=\"\" srcset=\"https:\/\/cristianopin.com\/wp\/wp-content\/uploads\/2021\/02\/Magazine-Mockup_alterdata2.jpg 1333w, https:\/\/cristianopin.com\/wp\/wp-content\/uploads\/2021\/02\/Magazine-Mockup_alterdata2-227x300.jpg 227w, https:\/\/cristianopin.com\/wp\/wp-content\/uploads\/2021\/02\/Magazine-Mockup_alterdata2-775x1024.jpg 775w, https:\/\/cristianopin.com\/wp\/wp-content\/uploads\/2021\/02\/Magazine-Mockup_alterdata2-768x1015.jpg 768w, https:\/\/cristianopin.com\/wp\/wp-content\/uploads\/2021\/02\/Magazine-Mockup_alterdata2-1163x1536.jpg 1163w\" sizes=\"auto, (max-width: 800px) 100vw, 800px\" \/><\/em><\/h6>\n\n\n\n<h6 class=\"has-text-align-center wp-block-heading\">An\u00fancio p\u00e1gina simples &#8211; JWTompson<\/h6>\n\n\n\n<h6 class=\"has-text-align-center wp-block-heading\"><img loading=\"lazy\" decoding=\"async\" width=\"800\" height=\"1640\" class=\"wp-image-51\" style=\"width: 800px;\" src=\"https:\/\/cristianopin.com\/wp\/wp-content\/uploads\/2021\/02\/A4-Paper-PSD-MockUp-_BbrasilTelecom-scaled.jpg\" alt=\"\" srcset=\"https:\/\/cristianopin.com\/wp\/wp-content\/uploads\/2021\/02\/A4-Paper-PSD-MockUp-_BbrasilTelecom-scaled.jpg 1249w, https:\/\/cristianopin.com\/wp\/wp-content\/uploads\/2021\/02\/A4-Paper-PSD-MockUp-_BbrasilTelecom-146x300.jpg 146w, https:\/\/cristianopin.com\/wp\/wp-content\/uploads\/2021\/02\/A4-Paper-PSD-MockUp-_BbrasilTelecom-500x1024.jpg 500w, https:\/\/cristianopin.com\/wp\/wp-content\/uploads\/2021\/02\/A4-Paper-PSD-MockUp-_BbrasilTelecom-768x1574.jpg 768w, https:\/\/cristianopin.com\/wp\/wp-content\/uploads\/2021\/02\/A4-Paper-PSD-MockUp-_BbrasilTelecom-749x1536.jpg 749w, https:\/\/cristianopin.com\/wp\/wp-content\/uploads\/2021\/02\/A4-Paper-PSD-MockUp-_BbrasilTelecom-999x2048.jpg 999w\" sizes=\"auto, (max-width: 800px) 100vw, 800px\" \/><\/h6>\n\n\n\n<h6 class=\"has-text-align-center wp-block-heading\">An\u00fancio p\u00e1gina dupla &#8211; Alterdata Software<\/h6>\n\n\n\n<h6 class=\"has-text-align-center wp-block-heading\"><img loading=\"lazy\" decoding=\"async\" width=\"800\" height=\"1117\" class=\"wp-image-54\" style=\"width: 800px;\" src=\"https:\/\/cristianopin.com\/wp\/wp-content\/uploads\/2021\/02\/Magazine-Mockup_alterdata.jpg\" alt=\"\" srcset=\"https:\/\/cristianopin.com\/wp\/wp-content\/uploads\/2021\/02\/Magazine-Mockup_alterdata.jpg 1333w, https:\/\/cristianopin.com\/wp\/wp-content\/uploads\/2021\/02\/Magazine-Mockup_alterdata-215x300.jpg 215w, https:\/\/cristianopin.com\/wp\/wp-content\/uploads\/2021\/02\/Magazine-Mockup_alterdata-733x1024.jpg 733w, https:\/\/cristianopin.com\/wp\/wp-content\/uploads\/2021\/02\/Magazine-Mockup_alterdata-768x1072.jpg 768w, https:\/\/cristianopin.com\/wp\/wp-content\/uploads\/2021\/02\/Magazine-Mockup_alterdata-1100x1536.jpg 1100w\" sizes=\"auto, (max-width: 800px) 100vw, 800px\" \/><\/h6>\n\n\n\n<h6 class=\"has-text-align-center wp-block-heading\">Outdoor &#8211; Ag\u00eancia Doctor<img loading=\"lazy\" decoding=\"async\" width=\"800\" height=\"976\" class=\"wp-image-110\" style=\"width: 800px;\" src=\"https:\/\/cristianopin.com\/wp\/wp-content\/uploads\/2021\/02\/Outdoor_mockup_NovaAmerica-co\u0301pia.jpg\" alt=\"\" srcset=\"https:\/\/cristianopin.com\/wp\/wp-content\/uploads\/2021\/02\/Outdoor_mockup_NovaAmerica-co\u0301pia.jpg 1800w, https:\/\/cristianopin.com\/wp\/wp-content\/uploads\/2021\/02\/Outdoor_mockup_NovaAmerica-co\u0301pia-246x300.jpg 246w, https:\/\/cristianopin.com\/wp\/wp-content\/uploads\/2021\/02\/Outdoor_mockup_NovaAmerica-co\u0301pia-839x1024.jpg 839w, https:\/\/cristianopin.com\/wp\/wp-content\/uploads\/2021\/02\/Outdoor_mockup_NovaAmerica-co\u0301pia-768x937.jpg 768w, https:\/\/cristianopin.com\/wp\/wp-content\/uploads\/2021\/02\/Outdoor_mockup_NovaAmerica-co\u0301pia-1258x1536.jpg 1258w, https:\/\/cristianopin.com\/wp\/wp-content\/uploads\/2021\/02\/Outdoor_mockup_NovaAmerica-co\u0301pia-1678x2048.jpg 1678w\" sizes=\"auto, (max-width: 800px) 100vw, 800px\" \/><\/h6>\n\n\n\n<h6 class=\"has-text-align-center wp-block-heading\">Outdoor &#8211; Um Ag\u00eancia<\/h6>\n\n\n\n<h6 class=\"has-text-align-center wp-block-heading\"><img loading=\"lazy\" decoding=\"async\" width=\"800\" height=\"774\" class=\"wp-image-57\" style=\"width: 800px;\" src=\"https:\/\/cristianopin.com\/wp\/wp-content\/uploads\/2021\/02\/outdoor_mockup_RICO-scaled.jpg\" alt=\"\" srcset=\"https:\/\/cristianopin.com\/wp\/wp-content\/uploads\/2021\/02\/outdoor_mockup_RICO-scaled.jpg 2560w, https:\/\/cristianopin.com\/wp\/wp-content\/uploads\/2021\/02\/outdoor_mockup_RICO-300x290.jpg 300w, https:\/\/cristianopin.com\/wp\/wp-content\/uploads\/2021\/02\/outdoor_mockup_RICO-1024x991.jpg 1024w, https:\/\/cristianopin.com\/wp\/wp-content\/uploads\/2021\/02\/outdoor_mockup_RICO-768x743.jpg 768w, https:\/\/cristianopin.com\/wp\/wp-content\/uploads\/2021\/02\/outdoor_mockup_RICO-1536x1486.jpg 1536w, https:\/\/cristianopin.com\/wp\/wp-content\/uploads\/2021\/02\/outdoor_mockup_RICO-2048x1981.jpg 2048w\" sizes=\"auto, (max-width: 800px) 100vw, 800px\" \/> <\/h6>\n\n\n\n<h6 class=\"has-text-align-center wp-block-heading\">Reclame de rua &#8211; Alterdata Software<\/h6>\n\n\n\n<h6 class=\"has-text-align-center wp-block-heading\"> <img loading=\"lazy\" decoding=\"async\" width=\"800\" height=\"2288\" class=\"wp-image-113\" style=\"width: 800px;\" src=\"https:\/\/cristianopin.com\/wp\/wp-content\/uploads\/2021\/02\/Roadside_vendas_Alterdata_mini-scaled.jpg\" alt=\"\" srcset=\"https:\/\/cristianopin.com\/wp\/wp-content\/uploads\/2021\/02\/Roadside_vendas_Alterdata_mini-scaled.jpg 895w, https:\/\/cristianopin.com\/wp\/wp-content\/uploads\/2021\/02\/Roadside_vendas_Alterdata_mini-105x300.jpg 105w, https:\/\/cristianopin.com\/wp\/wp-content\/uploads\/2021\/02\/Roadside_vendas_Alterdata_mini-358x1024.jpg 358w, https:\/\/cristianopin.com\/wp\/wp-content\/uploads\/2021\/02\/Roadside_vendas_Alterdata_mini-768x2196.jpg 768w, https:\/\/cristianopin.com\/wp\/wp-content\/uploads\/2021\/02\/Roadside_vendas_Alterdata_mini-537x1536.jpg 537w, https:\/\/cristianopin.com\/wp\/wp-content\/uploads\/2021\/02\/Roadside_vendas_Alterdata_mini-716x2048.jpg 716w\" sizes=\"auto, (max-width: 800px) 100vw, 800px\" \/><\/h6>\n\n\n\n<h6 class=\"has-text-align-center wp-block-heading\">An\u00fancio p\u00e1gina simples &#8211; Ganhador do Pr\u00eamio Amaz\u00f4nia21<\/h6>\n\n\n\n<h6 class=\"has-text-align-center wp-block-heading\"> <img loading=\"lazy\" decoding=\"async\" width=\"800\" height=\"1580\" class=\"wp-image-109\" style=\"width: 800px;\" src=\"https:\/\/cristianopin.com\/wp\/wp-content\/uploads\/2021\/02\/MAGAZINE-PSD-MOCKUP_Amazonia.jpg\" alt=\"\" srcset=\"https:\/\/cristianopin.com\/wp\/wp-content\/uploads\/2021\/02\/MAGAZINE-PSD-MOCKUP_Amazonia.jpg 1200w, https:\/\/cristianopin.com\/wp\/wp-content\/uploads\/2021\/02\/MAGAZINE-PSD-MOCKUP_Amazonia-152x300.jpg 152w, https:\/\/cristianopin.com\/wp\/wp-content\/uploads\/2021\/02\/MAGAZINE-PSD-MOCKUP_Amazonia-518x1024.jpg 518w, https:\/\/cristianopin.com\/wp\/wp-content\/uploads\/2021\/02\/MAGAZINE-PSD-MOCKUP_Amazonia-768x1517.jpg 768w, https:\/\/cristianopin.com\/wp\/wp-content\/uploads\/2021\/02\/MAGAZINE-PSD-MOCKUP_Amazonia-778x1536.jpg 778w, https:\/\/cristianopin.com\/wp\/wp-content\/uploads\/2021\/02\/MAGAZINE-PSD-MOCKUP_Amazonia-1037x2048.jpg 1037w\" sizes=\"auto, (max-width: 800px) 100vw, 800px\" \/><\/h6>\n\n\n\n<h6 class=\"has-text-align-center wp-block-heading\">An\u00fancio &#8211; Curso CINEL Portugal <\/h6>\n\n\n\n<h6 class=\"has-text-align-center wp-block-heading\"><img loading=\"lazy\" decoding=\"async\" width=\"800\" height=\"572\" class=\"wp-image-187\" style=\"width: 800px;\" src=\"https:\/\/cristianopin.com\/wp\/wp-content\/uploads\/2021\/02\/UF_5387_10PROJETO_TDesign_CristianoPin_IDEIA03.jpg\" alt=\"\" srcset=\"https:\/\/cristianopin.com\/wp\/wp-content\/uploads\/2021\/02\/UF_5387_10PROJETO_TDesign_CristianoPin_IDEIA03.jpg 1986w, https:\/\/cristianopin.com\/wp\/wp-content\/uploads\/2021\/02\/UF_5387_10PROJETO_TDesign_CristianoPin_IDEIA03-300x215.jpg 300w, https:\/\/cristianopin.com\/wp\/wp-content\/uploads\/2021\/02\/UF_5387_10PROJETO_TDesign_CristianoPin_IDEIA03-1024x732.jpg 1024w, https:\/\/cristianopin.com\/wp\/wp-content\/uploads\/2021\/02\/UF_5387_10PROJETO_TDesign_CristianoPin_IDEIA03-768x549.jpg 768w, https:\/\/cristianopin.com\/wp\/wp-content\/uploads\/2021\/02\/UF_5387_10PROJETO_TDesign_CristianoPin_IDEIA03-1536x1098.jpg 1536w\" sizes=\"auto, (max-width: 800px) 100vw, 800px\" \/><\/h6>\n\n\n\n<h6 class=\"has-text-align-center wp-block-heading\"><strong>Reclame de rua &#8211; Alterdata Software<\/strong><\/h6>\n\n\n\n<h6 class=\"has-text-align-center wp-block-heading\"><img loading=\"lazy\" decoding=\"async\" width=\"800\" height=\"2109\" class=\"wp-image-254\" style=\"width: 800px;\" src=\"https:\/\/cristianopin.com\/wp\/wp-content\/uploads\/2021\/02\/Free-Bus_contadora_mini-scaled.jpg\" alt=\"\" srcset=\"https:\/\/cristianopin.com\/wp\/wp-content\/uploads\/2021\/02\/Free-Bus_contadora_mini-scaled.jpg 971w, https:\/\/cristianopin.com\/wp\/wp-content\/uploads\/2021\/02\/Free-Bus_contadora_mini-114x300.jpg 114w, https:\/\/cristianopin.com\/wp\/wp-content\/uploads\/2021\/02\/Free-Bus_contadora_mini-388x1024.jpg 388w, https:\/\/cristianopin.com\/wp\/wp-content\/uploads\/2021\/02\/Free-Bus_contadora_mini-768x2025.jpg 768w, https:\/\/cristianopin.com\/wp\/wp-content\/uploads\/2021\/02\/Free-Bus_contadora_mini-583x1536.jpg 583w, https:\/\/cristianopin.com\/wp\/wp-content\/uploads\/2021\/02\/Free-Bus_contadora_mini-777x2048.jpg 777w\" sizes=\"auto, (max-width: 800px) 100vw, 800px\" \/><\/h6>\n\n\n\n<h6 class=\"has-text-align-center wp-block-heading\"><strong>Reclame de rua &#8211; Alterdata Software<\/strong><\/h6>\n\n\n\n<h6 class=\"has-text-align-center wp-block-heading\"><img loading=\"lazy\" decoding=\"async\" width=\"800\" height=\"2172\" class=\"wp-image-255\" style=\"width: 800px;\" src=\"https:\/\/cristianopin.com\/wp\/wp-content\/uploads\/2021\/02\/Bus-Stop_CancerMama_mini-scaled.jpg\" alt=\"\" srcset=\"https:\/\/cristianopin.com\/wp\/wp-content\/uploads\/2021\/02\/Bus-Stop_CancerMama_mini-scaled.jpg 943w, https:\/\/cristianopin.com\/wp\/wp-content\/uploads\/2021\/02\/Bus-Stop_CancerMama_mini-111x300.jpg 111w, https:\/\/cristianopin.com\/wp\/wp-content\/uploads\/2021\/02\/Bus-Stop_CancerMama_mini-377x1024.jpg 377w, https:\/\/cristianopin.com\/wp\/wp-content\/uploads\/2021\/02\/Bus-Stop_CancerMama_mini-768x2085.jpg 768w, https:\/\/cristianopin.com\/wp\/wp-content\/uploads\/2021\/02\/Bus-Stop_CancerMama_mini-566x1536.jpg 566w\" sizes=\"auto, (max-width: 800px) 100vw, 800px\" \/><\/h6>\n\n\n\n<h6 class=\"has-text-align-center wp-block-heading\"><strong>Busdoor &#8211; Alterdata Software<\/strong><\/h6>\n\n\n\n<h6 class=\"has-text-align-center wp-block-heading\"><img loading=\"lazy\" decoding=\"async\" width=\"800\" height=\"903\" class=\"wp-image-256\" style=\"width: 800px;\" src=\"https:\/\/cristianopin.com\/wp\/wp-content\/uploads\/2021\/02\/busdoor_Alterdata25anos_mini.jpg\" alt=\"\" srcset=\"https:\/\/cristianopin.com\/wp\/wp-content\/uploads\/2021\/02\/busdoor_Alterdata25anos_mini.jpg 1541w, https:\/\/cristianopin.com\/wp\/wp-content\/uploads\/2021\/02\/busdoor_Alterdata25anos_mini-266x300.jpg 266w, https:\/\/cristianopin.com\/wp\/wp-content\/uploads\/2021\/02\/busdoor_Alterdata25anos_mini-907x1024.jpg 907w, https:\/\/cristianopin.com\/wp\/wp-content\/uploads\/2021\/02\/busdoor_Alterdata25anos_mini-768x867.jpg 768w, https:\/\/cristianopin.com\/wp\/wp-content\/uploads\/2021\/02\/busdoor_Alterdata25anos_mini-1360x1536.jpg 1360w\" sizes=\"auto, (max-width: 800px) 100vw, 800px\" \/><\/h6>\n\n\n\n<h6 class=\"has-text-align-center wp-block-heading\"><strong>Frontlight &#8211; Alterdata Software<\/strong><\/h6>\n\n\n\n<h6 class=\"has-text-align-center wp-block-heading\"><img loading=\"lazy\" decoding=\"async\" width=\"800\" height=\"600\" class=\"wp-image-253\" style=\"width: 800px;\" src=\"https:\/\/cristianopin.com\/wp\/wp-content\/uploads\/2021\/02\/Anuncio_Contador_mao.jpg\" alt=\"\" srcset=\"https:\/\/cristianopin.com\/wp\/wp-content\/uploads\/2021\/02\/Anuncio_Contador_mao.jpg 800w, https:\/\/cristianopin.com\/wp\/wp-content\/uploads\/2021\/02\/Anuncio_Contador_mao-300x225.jpg 300w, https:\/\/cristianopin.com\/wp\/wp-content\/uploads\/2021\/02\/Anuncio_Contador_mao-768x576.jpg 768w, https:\/\/cristianopin.com\/wp\/wp-content\/uploads\/2021\/02\/Anuncio_Contador_mao-124x93.jpg 124w\" sizes=\"auto, (max-width: 800px) 100vw, 800px\" \/><\/h6>\n\n\n\n<h6 class=\"has-text-align-center wp-block-heading\">Montra recep\u00e7\u00e3o &#8211; Alterdata Software <\/h6>\n\n\n\n<h6 class=\"has-text-align-center wp-block-heading\"><img loading=\"lazy\" decoding=\"async\" width=\"800\" height=\"477\" class=\"wp-image-252\" style=\"width: 800px;\" src=\"https:\/\/cristianopin.com\/wp\/wp-content\/uploads\/2021\/02\/Caderno_Serra_RGB-scaled.jpg\" alt=\"\" srcset=\"https:\/\/cristianopin.com\/wp\/wp-content\/uploads\/2021\/02\/Caderno_Serra_RGB-scaled.jpg 2560w, https:\/\/cristianopin.com\/wp\/wp-content\/uploads\/2021\/02\/Caderno_Serra_RGB-300x179.jpg 300w, https:\/\/cristianopin.com\/wp\/wp-content\/uploads\/2021\/02\/Caderno_Serra_RGB-1024x610.jpg 1024w, https:\/\/cristianopin.com\/wp\/wp-content\/uploads\/2021\/02\/Caderno_Serra_RGB-768x458.jpg 768w, https:\/\/cristianopin.com\/wp\/wp-content\/uploads\/2021\/02\/Caderno_Serra_RGB-1536x915.jpg 1536w, https:\/\/cristianopin.com\/wp\/wp-content\/uploads\/2021\/02\/Caderno_Serra_RGB-2048x1220.jpg 2048w\" sizes=\"auto, (max-width: 800px) 100vw, 800px\" \/><\/h6>\n\n\n\n<h6 class=\"has-text-align-center wp-block-heading\">Revista p\u00e1gina dupla &#8211; Alterdata Software<\/h6>\n\n\n\n<h6 class=\"has-text-align-center wp-block-heading\"><img loading=\"lazy\" decoding=\"async\" width=\"800\" height=\"546\" class=\"wp-image-251\" style=\"width: 800px;\" src=\"https:\/\/cristianopin.com\/wp\/wp-content\/uploads\/2021\/02\/Art2788_Anuncio_CND_21x14_SINCOLON_final-scaled.jpg\" alt=\"\" srcset=\"https:\/\/cristianopin.com\/wp\/wp-content\/uploads\/2021\/02\/Art2788_Anuncio_CND_21x14_SINCOLON_final-scaled.jpg 2560w, https:\/\/cristianopin.com\/wp\/wp-content\/uploads\/2021\/02\/Art2788_Anuncio_CND_21x14_SINCOLON_final-300x205.jpg 300w, https:\/\/cristianopin.com\/wp\/wp-content\/uploads\/2021\/02\/Art2788_Anuncio_CND_21x14_SINCOLON_final-1024x698.jpg 1024w, https:\/\/cristianopin.com\/wp\/wp-content\/uploads\/2021\/02\/Art2788_Anuncio_CND_21x14_SINCOLON_final-768x524.jpg 768w, https:\/\/cristianopin.com\/wp\/wp-content\/uploads\/2021\/02\/Art2788_Anuncio_CND_21x14_SINCOLON_final-1536x1048.jpg 1536w, https:\/\/cristianopin.com\/wp\/wp-content\/uploads\/2021\/02\/Art2788_Anuncio_CND_21x14_SINCOLON_final-2048x1397.jpg 2048w\" sizes=\"auto, (max-width: 800px) 100vw, 800px\" \/><\/h6>\n\n\n\n<h6 class=\"has-text-align-center wp-block-heading\"><strong>Revista p\u00e1gina dupla &#8211; Alterdata Software<\/strong><\/h6>\n\n\n\n<h6 class=\"has-text-align-center wp-block-heading\"><img loading=\"lazy\" decoding=\"async\" width=\"800\" height=\"558\" class=\"wp-image-250\" style=\"width: 800px;\" src=\"https:\/\/cristianopin.com\/wp\/wp-content\/uploads\/2021\/02\/2fase_anuncio-ASDAP_final_carro.jpg\" alt=\"\" srcset=\"https:\/\/cristianopin.com\/wp\/wp-content\/uploads\/2021\/02\/2fase_anuncio-ASDAP_final_carro.jpg 2539w, https:\/\/cristianopin.com\/wp\/wp-content\/uploads\/2021\/02\/2fase_anuncio-ASDAP_final_carro-300x209.jpg 300w, https:\/\/cristianopin.com\/wp\/wp-content\/uploads\/2021\/02\/2fase_anuncio-ASDAP_final_carro-1024x715.jpg 1024w, https:\/\/cristianopin.com\/wp\/wp-content\/uploads\/2021\/02\/2fase_anuncio-ASDAP_final_carro-768x536.jpg 768w, https:\/\/cristianopin.com\/wp\/wp-content\/uploads\/2021\/02\/2fase_anuncio-ASDAP_final_carro-1536x1072.jpg 1536w, https:\/\/cristianopin.com\/wp\/wp-content\/uploads\/2021\/02\/2fase_anuncio-ASDAP_final_carro-2048x1429.jpg 2048w\" sizes=\"auto, (max-width: 800px) 100vw, 800px\" \/><\/h6>\n\n\n\n<h6 class=\"has-text-align-center wp-block-heading\">An\u00fancio Jornal <strong>&#8211; Um Ag\u00eancia<\/strong><\/h6>\n\n\n\n<h6 class=\"has-text-align-center wp-block-heading\"><img loading=\"lazy\" decoding=\"async\" width=\"800\" height=\"1438\" class=\"wp-image-339\" style=\"width: 800px;\" src=\"https:\/\/cristianopin.com\/wp\/wp-content\/uploads\/2021\/02\/Newspaper_rico_mini-3.jpg\" alt=\"\" srcset=\"https:\/\/cristianopin.com\/wp\/wp-content\/uploads\/2021\/02\/Newspaper_rico_mini-3.jpg 1041w, https:\/\/cristianopin.com\/wp\/wp-content\/uploads\/2021\/02\/Newspaper_rico_mini-3-167x300.jpg 167w, https:\/\/cristianopin.com\/wp\/wp-content\/uploads\/2021\/02\/Newspaper_rico_mini-3-570x1024.jpg 570w, https:\/\/cristianopin.com\/wp\/wp-content\/uploads\/2021\/02\/Newspaper_rico_mini-3-768x1380.jpg 768w, https:\/\/cristianopin.com\/wp\/wp-content\/uploads\/2021\/02\/Newspaper_rico_mini-3-855x1536.jpg 855w\" sizes=\"auto, (max-width: 800px) 100vw, 800px\" \/><\/h6>\n\n\n\n<div class=\"wp-block-buttons is-layout-flex wp-block-buttons-is-layout-flex\">\n<div class=\"wp-block-button\"><a class=\"wp-block-button__link\" href=\"https:\/\/cristianopin.com\/wp\/portfolio-2\/\">Voltar<\/a><\/div>\n<\/div>\n","protected":false},"excerpt":{"rendered":"<p>An\u00fancio p\u00e1gina dupla &#8211; Agencia Espa\u00e7o\/Z An\u00fancio p\u00e1gina dupla &#8211; Alterdata Software An\u00fancio p\u00e1gina simples &#8211; JWTompson An\u00fancio p\u00e1gina dupla &#8211; Alterdata Software Outdoor &#8211; Ag\u00eancia Doctor Outdoor &#8211; Um<\/p>\n<p class=\"more-link\"><a href=\"https:\/\/cristianopin.com\/wp\/portfolio\/\" class=\"readmore\">Continue reading<svg class=\"icon icon-arrow-right\" aria-hidden=\"true\" role=\"img\"> <use href=\"#icon-arrow-right\" xlink:href=\"#icon-arrow-right\"><\/use> <\/svg><span class=\"screen-reader-text\">An\u00fancios<\/span><\/a><\/p>\n","protected":false},"author":1,"featured_media":0,"parent":0,"menu_order":0,"comment_status":"closed","ping_status":"closed","template":"","meta":{"_uag_custom_page_level_css":"","footnotes":""},"class_list":["post-24","page","type-page","status-publish","hentry"],"uagb_featured_image_src":{"full":false,"thumbnail":false,"medium":false,"medium_large":false,"large":false,"1536x1536":false,"2048x2048":false,"post-thumbnail":false,"photofocus-single-post-page":false,"photofocus-testimonial":false,"photofocus-stats":false,"photofocus-team":false,"photofocus-logo-slider":false,"photofocus-portfolio":false,"photofocus-services":false},"uagb_author_info":{"display_name":"Cristiano","author_link":"https:\/\/cristianopin.com\/wp\/author\/cristiano\/"},"uagb_comment_info":0,"uagb_excerpt":"An\u00fancio p\u00e1gina dupla &#8211; Agencia Espa\u00e7o\/Z An\u00fancio p\u00e1gina dupla &#8211; Alterdata Software An\u00fancio p\u00e1gina simples &#8211; JWTompson An\u00fancio p\u00e1gina dupla &#8211; Alterdata Software Outdoor &#8211; Ag\u00eancia Doctor Outdoor &#8211; UmContinue reading An\u00fancios","_links":{"self":[{"href":"https:\/\/cristianopin.com\/wp\/wp-json\/wp\/v2\/pages\/24","targetHints":{"allow":["GET"]}}],"collection":[{"href":"https:\/\/cristianopin.com\/wp\/wp-json\/wp\/v2\/pages"}],"about":[{"href":"https:\/\/cristianopin.com\/wp\/wp-json\/wp\/v2\/types\/page"}],"author":[{"embeddable":true,"href":"https:\/\/cristianopin.com\/wp\/wp-json\/wp\/v2\/users\/1"}],"replies":[{"embeddable":true,"href":"https:\/\/cristianopin.com\/wp\/wp-json\/wp\/v2\/comments?post=24"}],"version-history":[{"count":20,"href":"https:\/\/cristianopin.com\/wp\/wp-json\/wp\/v2\/pages\/24\/revisions"}],"predecessor-version":[{"id":340,"href":"https:\/\/cristianopin.com\/wp\/wp-json\/wp\/v2\/pages\/24\/revisions\/340"}],"wp:attachment":[{"href":"https:\/\/cristianopin.com\/wp\/wp-json\/wp\/v2\/media?parent=24"}],"curies":[{"name":"wp","href":"https:\/\/api.w.org\/{rel}","templated":true}]}}